{"id":80,"date":"2025-03-04T02:25:25","date_gmt":"2025-03-04T05:25:25","guid":{"rendered":"https:\/\/arjtransportes.com.br\/arjsite\/?page_id=80"},"modified":"2025-04-07T17:49:40","modified_gmt":"2025-04-07T20:49:40","slug":"nossos-servicos","status":"publish","type":"page","link":"https:\/\/arjtransportes.com.br\/arjsite\/index.php\/nossos-servicos\/","title":{"rendered":"Servicos"},"content":{"rendered":"\t\t<div data-elementor-type=\"wp-page\" data-elementor-id=\"80\" class=\"elementor elementor-80\" data-elementor-post-type=\"page\">\n\t\t\t\t\t\t<section class=\"elementor-section elementor-top-section elementor-element elementor-element-72583824 elementor-section-boxed elementor-section-height-default elementor-section-height-default\" data-id=\"72583824\" data-element_type=\"section\" data-settings=\"{&quot;background_background&quot;:&quot;classic&quot;}\">\n\t\t\t\t\t\t\t<div class=\"elementor-background-overlay\"><\/div>\n\t\t\t\t\t\t\t<div class=\"elementor-container elementor-column-gap-default\">\n\t\t\t\t\t<div class=\"elementor-column elementor-col-100 elementor-top-column elementor-element elementor-element-525b8484\" data-id=\"525b8484\" data-element_type=\"column\">\n\t\t\t<div class=\"elementor-widget-wrap\">\n\t\t\t\t\t\t\t<\/div>\n\t\t<\/div>\n\t\t\t\t\t<\/div>\n\t\t<\/section>\n\t\t\t\t<section class=\"elementor-section elementor-top-section elementor-element elementor-element-71a0c285 elementor-section-boxed elementor-section-height-default elementor-section-height-default\" data-id=\"71a0c285\" data-element_type=\"section\">\n\t\t\t\t\t\t<div class=\"elementor-container elementor-column-gap-default\">\n\t\t\t\t\t<div class=\"elementor-column elementor-col-100 elementor-top-column elementor-element elementor-element-5b522313\" data-id=\"5b522313\" data-element_type=\"column\">\n\t\t\t<div class=\"elementor-widget-wrap elementor-element-populated\">\n\t\t\t\t\t\t<section class=\"elementor-section elementor-inner-section elementor-element elementor-element-44e88848 elementor-section-boxed elementor-section-height-default elementor-section-height-default\" data-id=\"44e88848\" data-element_type=\"section\">\n\t\t\t\t\t\t<div class=\"elementor-container elementor-column-gap-default\">\n\t\t\t\t\t<div class=\"elementor-column elementor-col-100 elementor-inner-column elementor-element elementor-element-4d53e1a7\" data-id=\"4d53e1a7\" data-element_type=\"column\">\n\t\t\t<div class=\"elementor-widget-wrap elementor-element-populated\">\n\t\t\t\t\t\t<div class=\"elementor-element elementor-element-2de90ede elementor-widget__width-auto elementor-widget-divider--view-line elementor-invisible elementor-widget elementor-widget-divider\" data-id=\"2de90ede\" data-element_type=\"widget\" data-settings=\"{&quot;_animation&quot;:&quot;fadeInLeft&quot;}\" data-widget_type=\"divider.default\">\n\t\t\t\t<div class=\"elementor-widget-container\">\n\t\t\t\t\t\t\t<div class=\"elementor-divider\">\n\t\t\t<span class=\"elementor-divider-separator\">\n\t\t\t\t\t\t<\/span>\n\t\t<\/div>\n\t\t\t\t\t\t<\/div>\n\t\t\t\t<\/div>\n\t\t\t\t<div class=\"elementor-element elementor-element-24a0961 elementor-widget__width-auto elementor-invisible elementor-widget elementor-widget-heading\" data-id=\"24a0961\" data-element_type=\"widget\" data-settings=\"{&quot;_animation&quot;:&quot;fadeInUp&quot;}\" data-widget_type=\"heading.default\">\n\t\t\t\t<div class=\"elementor-widget-container\">\n\t\t\t\t\t<h6 class=\"elementor-heading-title elementor-size-default\"><div data-style=\"style1\" style=\"margin: 0px;padding: 0px;font-size: 16px;font-style: normal;font-weight: 400;letter-spacing: normal;text-align: center;text-indent: 0px;text-transform: none;white-space: normal\"><h2 style=\"margin: 0px;padding: 0px;font-style: normal;font-weight: 600;font-size: 48px;line-height: 1em !important;letter-spacing: -0.03em\"><span style=\"overflow: hidden\"><span>O que fazemos<span style=\"white-space: pre-wrap\"><\/span><span style=\"white-space: pre-wrap\"><\/span><\/span><\/span><\/h2><\/div><\/h6>\t\t\t\t<\/div>\n\t\t\t\t<\/div>\n\t\t\t\t<div class=\"elementor-element elementor-element-27ff86e2 elementor-widget__width-auto elementor-widget-divider--view-line elementor-invisible elementor-widget elementor-widget-divider\" data-id=\"27ff86e2\" data-element_type=\"widget\" data-settings=\"{&quot;_animation&quot;:&quot;fadeInRight&quot;}\" data-widget_type=\"divider.default\">\n\t\t\t\t<div class=\"elementor-widget-container\">\n\t\t\t\t\t\t\t<div class=\"elementor-divider\">\n\t\t\t<span class=\"elementor-divider-separator\">\n\t\t\t\t\t\t<\/span>\n\t\t<\/div>\n\t\t\t\t\t\t<\/div>\n\t\t\t\t<\/div>\n\t\t\t\t<div class=\"elementor-element elementor-element-49ce05c5 elementor-invisible elementor-widget elementor-widget-heading\" data-id=\"49ce05c5\" data-element_type=\"widget\" data-settings=\"{&quot;_animation&quot;:&quot;slideInUp&quot;}\" data-widget_type=\"heading.default\">\n\t\t\t\t<div class=\"elementor-widget-container\">\n\t\t\t\t\t<h3 class=\"elementor-heading-title elementor-size-default\">Oferecemos solu\u00e7\u00f5es completas em transporte e log\u00edstica de cargas, com servi\u00e7os \neficientes e adaptados \u00e0s necessidades de nossos clientes. Conhe\u00e7a nossos principais servi\u00e7os:<\/h3>\t\t\t\t<\/div>\n\t\t\t\t<\/div>\n\t\t\t\t\t<\/div>\n\t\t<\/div>\n\t\t\t\t\t<\/div>\n\t\t<\/section>\n\t\t\t\t<section class=\"elementor-section elementor-inner-section elementor-element elementor-element-2d4edddc elementor-section-boxed elementor-section-height-default elementor-section-height-default\" data-id=\"2d4edddc\" data-element_type=\"section\">\n\t\t\t\t\t\t<div class=\"elementor-container elementor-column-gap-default\">\n\t\t\t\t\t<div class=\"elementor-column elementor-col-33 elementor-inner-column elementor-element elementor-element-4070a6c9\" data-id=\"4070a6c9\" data-element_type=\"column\">\n\t\t\t<div class=\"elementor-widget-wrap elementor-element-populated\">\n\t\t\t\t\t\t<div class=\"elementor-element elementor-element-2916e48 elementor-widget elementor-widget-image\" data-id=\"2916e48\" data-element_type=\"widget\" data-widget_type=\"image.default\">\n\t\t\t\t<div class=\"elementor-widget-container\">\n\t\t\t\t\t\t\t\t\t\t\t\t\t\t\t<img decoding=\"async\" width=\"178\" height=\"201\" src=\"https:\/\/arjtransportes.com.br\/arjsite\/wp-content\/uploads\/2025\/03\/1.png\" class=\"elementor-animation-bob attachment-full size-full wp-image-345\" alt=\"\" \/>\t\t\t\t\t\t\t\t\t\t\t\t\t\t\t<\/div>\n\t\t\t\t<\/div>\n\t\t\t\t<div class=\"elementor-element elementor-element-661c4904 elementor-widget elementor-widget-heading\" data-id=\"661c4904\" data-element_type=\"widget\" data-widget_type=\"heading.default\">\n\t\t\t\t<div class=\"elementor-widget-container\">\n\t\t\t\t\t<h2 class=\"elementor-heading-title elementor-size-default\">Exporta\u00e7\u00e3o<\/h2>\t\t\t\t<\/div>\n\t\t\t\t<\/div>\n\t\t\t\t<div class=\"elementor-element elementor-element-31efc42e elementor-widget elementor-widget-text-editor\" data-id=\"31efc42e\" data-element_type=\"widget\" data-widget_type=\"text-editor.default\">\n\t\t\t\t<div class=\"elementor-widget-container\">\n\t\t\t\t\t\t\t\t\t<p>Facilitamos a sa\u00edda de mercadorias para outros pa\u00edses, garantindo seguran\u00e7a, pontualidade e conformidade com as normas internacionais.<\/p>\t\t\t\t\t\t\t\t<\/div>\n\t\t\t\t<\/div>\n\t\t\t\t\t<\/div>\n\t\t<\/div>\n\t\t\t\t<div class=\"elementor-column elementor-col-33 elementor-inner-column elementor-element elementor-element-130c556a\" data-id=\"130c556a\" data-element_type=\"column\">\n\t\t\t<div class=\"elementor-widget-wrap elementor-element-populated\">\n\t\t\t\t\t\t<div class=\"elementor-element elementor-element-28260f5d elementor-widget elementor-widget-image\" data-id=\"28260f5d\" data-element_type=\"widget\" data-widget_type=\"image.default\">\n\t\t\t\t<div class=\"elementor-widget-container\">\n\t\t\t\t\t\t\t\t\t\t\t\t\t\t\t<img decoding=\"async\" width=\"178\" height=\"201\" src=\"https:\/\/arjtransportes.com.br\/arjsite\/wp-content\/uploads\/2025\/03\/2.png\" class=\"elementor-animation-bob attachment-full size-full wp-image-346\" alt=\"\" \/>\t\t\t\t\t\t\t\t\t\t\t\t\t\t\t<\/div>\n\t\t\t\t<\/div>\n\t\t\t\t<div class=\"elementor-element elementor-element-38755ce elementor-widget elementor-widget-heading\" data-id=\"38755ce\" data-element_type=\"widget\" data-widget_type=\"heading.default\">\n\t\t\t\t<div class=\"elementor-widget-container\">\n\t\t\t\t\t<h2 class=\"elementor-heading-title elementor-size-default\">Importa\u00e7\u00e3o<\/h2>\t\t\t\t<\/div>\n\t\t\t\t<\/div>\n\t\t\t\t<div class=\"elementor-element elementor-element-75e70366 elementor-widget elementor-widget-text-editor\" data-id=\"75e70366\" data-element_type=\"widget\" data-widget_type=\"text-editor.default\">\n\t\t\t\t<div class=\"elementor-widget-container\">\n\t\t\t\t\t\t\t\t\t<p>Atuamos na entrada de produtos de diversos mercados globais, assegurando uma opera\u00e7\u00e3o sem contratempos e conforme as exig\u00eancias locais.<\/p>\t\t\t\t\t\t\t\t<\/div>\n\t\t\t\t<\/div>\n\t\t\t\t\t<\/div>\n\t\t<\/div>\n\t\t\t\t<div class=\"elementor-column elementor-col-33 elementor-inner-column elementor-element elementor-element-69432999\" data-id=\"69432999\" data-element_type=\"column\">\n\t\t\t<div class=\"elementor-widget-wrap elementor-element-populated\">\n\t\t\t\t\t\t<div class=\"elementor-element elementor-element-7ec160ba elementor-widget elementor-widget-image\" data-id=\"7ec160ba\" data-element_type=\"widget\" data-widget_type=\"image.default\">\n\t\t\t\t<div class=\"elementor-widget-container\">\n\t\t\t\t\t\t\t\t\t\t\t\t\t\t\t<img decoding=\"async\" width=\"178\" height=\"201\" src=\"https:\/\/arjtransportes.com.br\/arjsite\/wp-content\/uploads\/2025\/03\/3.png\" class=\"elementor-animation-bob attachment-full size-full wp-image-347\" alt=\"\" \/>\t\t\t\t\t\t\t\t\t\t\t\t\t\t\t<\/div>\n\t\t\t\t<\/div>\n\t\t\t\t<div class=\"elementor-element elementor-element-613a13a3 elementor-widget elementor-widget-heading\" data-id=\"613a13a3\" data-element_type=\"widget\" data-widget_type=\"heading.default\">\n\t\t\t\t<div class=\"elementor-widget-container\">\n\t\t\t\t\t<h2 class=\"elementor-heading-title elementor-size-default\">Cabotagem<\/h2>\t\t\t\t<\/div>\n\t\t\t\t<\/div>\n\t\t\t\t<div class=\"elementor-element elementor-element-3188b8a8 elementor-widget elementor-widget-text-editor\" data-id=\"3188b8a8\" data-element_type=\"widget\" data-widget_type=\"text-editor.default\">\n\t\t\t\t<div class=\"elementor-widget-container\">\n\t\t\t\t\t\t\t\t\t<p>Realizamos o transporte de cargas entre portos nacionais, proporcionando uma solu\u00e7\u00e3o eficiente e econ\u00f4mica para o transporte dentro do Brasil.<\/p>\t\t\t\t\t\t\t\t<\/div>\n\t\t\t\t<\/div>\n\t\t\t\t\t<\/div>\n\t\t<\/div>\n\t\t\t\t\t<\/div>\n\t\t<\/section>\n\t\t\t\t<section class=\"elementor-section elementor-inner-section elementor-element elementor-element-6f8a1d7 elementor-section-boxed elementor-section-height-default elementor-section-height-default\" data-id=\"6f8a1d7\" data-element_type=\"section\">\n\t\t\t\t\t\t<div class=\"elementor-container elementor-column-gap-default\">\n\t\t\t\t\t<div class=\"elementor-column elementor-col-33 elementor-inner-column elementor-element elementor-element-11ed3f4\" data-id=\"11ed3f4\" data-element_type=\"column\">\n\t\t\t<div class=\"elementor-widget-wrap elementor-element-populated\">\n\t\t\t\t\t\t<div class=\"elementor-element elementor-element-e099eac elementor-widget elementor-widget-image\" data-id=\"e099eac\" data-element_type=\"widget\" data-widget_type=\"image.default\">\n\t\t\t\t<div class=\"elementor-widget-container\">\n\t\t\t\t\t\t\t\t\t\t\t\t\t\t\t<img loading=\"lazy\" decoding=\"async\" width=\"178\" height=\"201\" src=\"https:\/\/arjtransportes.com.br\/arjsite\/wp-content\/uploads\/2025\/03\/Carga-Solta-10.png\" class=\"elementor-animation-bob attachment-full size-full wp-image-354\" alt=\"\" \/>\t\t\t\t\t\t\t\t\t\t\t\t\t\t\t<\/div>\n\t\t\t\t<\/div>\n\t\t\t\t<div class=\"elementor-element elementor-element-ab24d7b elementor-widget elementor-widget-heading\" data-id=\"ab24d7b\" data-element_type=\"widget\" data-widget_type=\"heading.default\">\n\t\t\t\t<div class=\"elementor-widget-container\">\n\t\t\t\t\t<h2 class=\"elementor-heading-title elementor-size-default\">Cross Docking<\/h2>\t\t\t\t<\/div>\n\t\t\t\t<\/div>\n\t\t\t\t<div class=\"elementor-element elementor-element-5042df7 elementor-widget elementor-widget-text-editor\" data-id=\"5042df7\" data-element_type=\"widget\" data-widget_type=\"text-editor.default\">\n\t\t\t\t<div class=\"elementor-widget-container\">\n\t\t\t\t\t\t\t\t\t<p>Otimizamos o fluxo de mercadorias, realizando a transfer\u00eancia direta de produtos entre ve\u00edculos, sem necessidade de armazenamento, para acelerar a entrega.<\/p>\t\t\t\t\t\t\t\t<\/div>\n\t\t\t\t<\/div>\n\t\t\t\t\t<\/div>\n\t\t<\/div>\n\t\t\t\t<div class=\"elementor-column elementor-col-33 elementor-inner-column elementor-element elementor-element-cde4f5b\" data-id=\"cde4f5b\" data-element_type=\"column\">\n\t\t\t<div class=\"elementor-widget-wrap elementor-element-populated\">\n\t\t\t\t\t\t<div class=\"elementor-element elementor-element-48f1cb5 elementor-widget elementor-widget-image\" data-id=\"48f1cb5\" data-element_type=\"widget\" data-widget_type=\"image.default\">\n\t\t\t\t<div class=\"elementor-widget-container\">\n\t\t\t\t\t\t\t\t\t\t\t\t\t\t\t<img loading=\"lazy\" decoding=\"async\" width=\"178\" height=\"201\" src=\"https:\/\/arjtransportes.com.br\/arjsite\/wp-content\/uploads\/2025\/03\/Carga-Solta-11.png\" class=\"elementor-animation-bob attachment-full size-full wp-image-355\" alt=\"\" \/>\t\t\t\t\t\t\t\t\t\t\t\t\t\t\t<\/div>\n\t\t\t\t<\/div>\n\t\t\t\t<div class=\"elementor-element elementor-element-111f29f elementor-widget elementor-widget-heading\" data-id=\"111f29f\" data-element_type=\"widget\" data-widget_type=\"heading.default\">\n\t\t\t\t<div class=\"elementor-widget-container\">\n\t\t\t\t\t<h2 class=\"elementor-heading-title elementor-size-default\">Carga Solta<\/h2>\t\t\t\t<\/div>\n\t\t\t\t<\/div>\n\t\t\t\t<div class=\"elementor-element elementor-element-8261c48 elementor-widget elementor-widget-text-editor\" data-id=\"8261c48\" data-element_type=\"widget\" data-widget_type=\"text-editor.default\">\n\t\t\t\t<div class=\"elementor-widget-container\">\n\t\t\t\t\t\t\t\t\t<p>Oferecemos solu\u00e7\u00f5es para o transporte de cargas n\u00e3o embaladas, garantindo a m\u00e1xima seguran\u00e7a e organiza\u00e7\u00e3o durante o processo de movimenta\u00e7\u00e3o.<\/p>\t\t\t\t\t\t\t\t<\/div>\n\t\t\t\t<\/div>\n\t\t\t\t\t<\/div>\n\t\t<\/div>\n\t\t\t\t<div class=\"elementor-column elementor-col-33 elementor-inner-column elementor-element elementor-element-7752f83\" data-id=\"7752f83\" data-element_type=\"column\">\n\t\t\t<div class=\"elementor-widget-wrap elementor-element-populated\">\n\t\t\t\t\t\t<div class=\"elementor-element elementor-element-40ee62b elementor-widget elementor-widget-image\" data-id=\"40ee62b\" data-element_type=\"widget\" data-widget_type=\"image.default\">\n\t\t\t\t<div class=\"elementor-widget-container\">\n\t\t\t\t\t\t\t\t\t\t\t\t\t\t\t<img loading=\"lazy\" decoding=\"async\" width=\"178\" height=\"201\" src=\"https:\/\/arjtransportes.com.br\/arjsite\/wp-content\/uploads\/2025\/03\/Carga-Solta-12.png\" class=\"elementor-animation-bob attachment-full size-full wp-image-357\" alt=\"\" \/>\t\t\t\t\t\t\t\t\t\t\t\t\t\t\t<\/div>\n\t\t\t\t<\/div>\n\t\t\t\t<div class=\"elementor-element elementor-element-29285b9 elementor-widget elementor-widget-heading\" data-id=\"29285b9\" data-element_type=\"widget\" data-widget_type=\"heading.default\">\n\t\t\t\t<div class=\"elementor-widget-container\">\n\t\t\t\t\t<h2 class=\"elementor-heading-title elementor-size-default\">Armazenamento de Containers e Cargas<\/h2>\t\t\t\t<\/div>\n\t\t\t\t<\/div>\n\t\t\t\t<div class=\"elementor-element elementor-element-880c9b7 elementor-widget elementor-widget-text-editor\" data-id=\"880c9b7\" data-element_type=\"widget\" data-widget_type=\"text-editor.default\">\n\t\t\t\t<div class=\"elementor-widget-container\">\n\t\t\t\t\t\t\t\t\t<p>Disponibilizamos espa\u00e7os adequados para o armazenamento de containers e diversos tipos de cargas, com controle rigoroso de invent\u00e1rio e seguran\u00e7a.<\/p>\t\t\t\t\t\t\t\t<\/div>\n\t\t\t\t<\/div>\n\t\t\t\t\t<\/div>\n\t\t<\/div>\n\t\t\t\t\t<\/div>\n\t\t<\/section>\n\t\t\t\t\t<\/div>\n\t\t<\/div>\n\t\t\t\t\t<\/div>\n\t\t<\/section>\n\t\t\t\t<\/div>\n\t\t","protected":false},"excerpt":{"rendered":"<p>O que fazemos Oferecemos solu\u00e7\u00f5es completas em transporte e log\u00edstica de cargas, com servi\u00e7os eficientes e adaptados \u00e0s necessidades de nossos clientes. Conhe\u00e7a nossos principais servi\u00e7os: Exporta\u00e7\u00e3o Facilitamos a sa\u00edda de mercadorias para outros pa\u00edses, garantindo seguran\u00e7a, pontualidade e conformidade com as normas internacionais. Importa\u00e7\u00e3o Atuamos na entrada de produtos de diversos mercados globais, assegurando [&hellip;]<\/p>\n","protected":false},"author":1,"featured_media":698,"parent":0,"menu_order":0,"comment_status":"closed","ping_status":"closed","template":"","meta":{"_joinchat":[],"footnotes":""},"class_list":["post-80","page","type-page","status-publish","has-post-thumbnail","hentry"],"_links":{"self":[{"href":"https:\/\/arjtransportes.com.br\/arjsite\/index.php\/wp-json\/wp\/v2\/pages\/80","targetHints":{"allow":["GET"]}}],"collection":[{"href":"https:\/\/arjtransportes.com.br\/arjsite\/index.php\/wp-json\/wp\/v2\/pages"}],"about":[{"href":"https:\/\/arjtransportes.com.br\/arjsite\/index.php\/wp-json\/wp\/v2\/types\/page"}],"author":[{"embeddable":true,"href":"https:\/\/arjtransportes.com.br\/arjsite\/index.php\/wp-json\/wp\/v2\/users\/1"}],"replies":[{"embeddable":true,"href":"https:\/\/arjtransportes.com.br\/arjsite\/index.php\/wp-json\/wp\/v2\/comments?post=80"}],"version-history":[{"count":28,"href":"https:\/\/arjtransportes.com.br\/arjsite\/index.php\/wp-json\/wp\/v2\/pages\/80\/revisions"}],"predecessor-version":[{"id":818,"href":"https:\/\/arjtransportes.com.br\/arjsite\/index.php\/wp-json\/wp\/v2\/pages\/80\/revisions\/818"}],"wp:featuredmedia":[{"embeddable":true,"href":"https:\/\/arjtransportes.com.br\/arjsite\/index.php\/wp-json\/wp\/v2\/media\/698"}],"wp:attachment":[{"href":"https:\/\/arjtransportes.com.br\/arjsite\/index.php\/wp-json\/wp\/v2\/media?parent=80"}],"curies":[{"name":"wp","href":"https:\/\/api.w.org\/{rel}","templated":true}]}}